{"id":9,"date":"2018-10-01T22:42:21","date_gmt":"2018-10-01T20:42:21","guid":{"rendered":"http:\/\/lktachov.cz\/?page_id=9"},"modified":"2025-12-08T08:55:09","modified_gmt":"2025-12-08T07:55:09","slug":"o-nas","status":"publish","type":"page","link":"https:\/\/www.lktachov.cz\/index.php\/o-nas\/","title":{"rendered":"O klubu"},"content":{"rendered":"<p style=\"text-align: justify;\">Ob\u010dansk\u00e9 sdru\u017een\u00ed lukost\u0159eleck\u00fd klub Tachov vznikl registrac\u00ed na Ministerstvu vnitra dne 13.9.2007. Zakladatelem klubu byl Jaroslav Juran, kter\u00fd je v sou\u010dasn\u00e9 dob\u011b \u010destn\u00fdm p\u0159edsedou klubu.&nbsp; Smyslem zalo\u017een\u00ed klubu bylo seskupit lidi, kte\u0159\u00ed se v\u011bnuj\u00ed, nebo se cht\u011bj\u00ed v\u011bnovat lukost\u0159elb\u011b, zdokonalovat se v tomto sportu, z\u00fa\u010dast\u0148ovat se z\u00e1vod\u016f, v\u011bnovat se ml\u00e1de\u017ei a d\u011btem pod veden\u00edm na\u0161ich zku\u0161en\u00fdch instruktor\u016f a tren\u00e9r\u016f. Na Valn\u00e9m shrom\u00e1\u017ed\u011bn\u00ed v Humpolci 17.11.2007 byl p\u0159ijat Lukost\u0159eleck\u00fd klub Tachov do \u010cesk\u00e9ho lukost\u0159eleck\u00e9ho svazu. Registrac\u00ed v \u010cSL a z\u00edsk\u00e1n\u00ed licence maj\u00ed mo\u017enost \u010dlenov\u00e9 klubu z\u00fa\u010dast\u0148ovat se v\u0161ech sout\u011b\u017e\u00ed \u010cLS. LK Tachov propaguje lukost\u0159elbu tak\u00e9 r\u016fzn\u00fdmi akcemi na ve\u0159ejnosti. Tradi\u010dn\u011b ka\u017ed\u00fd rok se z\u00fa\u010dast\u0148uje slavnost\u00ed m\u011bsta Tachova s mobiln\u00ed lukost\u0159elnic\u00ed, kde m\u00e1 ve\u0159ejnost mo\u017enost si vyzkou\u0161et st\u0159elbu z luku, d\u00e1le po\u0159\u00e1d\u00e1 sout\u011b\u017ee pro ve\u0159ejnost v ter\u010dov\u00e9 a ter\u00e9nn\u00ed lukost\u0159elb\u011b.&nbsp;<\/p>\n<p style=\"text-align: justify;\">St\u0159elnice a lukost\u0159elnice \u201eRychta\u201c je kryt\u00e1 st\u0159elnice, sou\u010d\u00e1st\u00ed sportovi\u0161t\u011b m\u011bsta Tachov. LK Tachov vyu\u017e\u00edv\u00e1 tuto st\u0159elnici v zimn\u00edm obdob\u00ed pro klubov\u00e9 tr\u00e9ninky halov\u00e9 lukost\u0159elby a v ur\u010den\u00e9 dny a hodiny poskytuje v tomto za\u0159\u00edzen\u00ed tak\u00e9 v\u00fduku lukost\u0159elby a rekrea\u010dn\u00ed st\u0159\u00edlen\u00ed pro ve\u0159ejnost.<\/p>\n<p style=\"text-align: justify;\">V letn\u00edm obdob\u00ed vyu\u017e\u00edv\u00e1 klub venkovn\u00ed st\u0159elnici v prostor\u00e1ch \u010cSAD Tachov. Zde je mo\u017enost st\u0159elby a\u017e na vzd\u00e1lenost 50 metr\u016f.&nbsp;<\/p>\n<p style=\"text-align: justify;\">Od roku 2025 bude prob\u00edhat p\u0159\u00edprava nov\u00e9 tr\u00e9ninkov\u00e9 lukost\u0159elnice na kter\u00e9 bude mo\u017enost st\u0159elby na vzd\u00e1lenost a\u017e 70m a provozovat v\u0161echny druhy lukost\u0159elby. Na t\u00e9to st\u0159elnici bude prostor a\u017e pro 14 ter\u010dovnic. V\u00edce informac\u00ed o projektu naleznete <a href=\"https:\/\/www.lktachov.cz\/index.php\/novy-areal-sportovne-odpocinkove-centrum\/\">zde<\/a>.<\/p>\n<p style=\"text-align: justify;\">\u010clenem Lukost\u0159eleck\u00e9ho klubu Tachov se m\u016f\u017ee st\u00e1t kdokoli od 6 let v\u011bku. V sou\u010dasn\u00e9 dob\u011b registruje klub pod veden\u00edm p\u0159edsedy Michala Krynick\u00e9ho 29 \u010dlen\u016f, z \u010deho\u017e je 14 sportovc\u016f v kategori\u00edch od \u017e\u00e1k\u016f po juniory. Od roku 2022 jsme otev\u0159eli lukost\u0159eleckou p\u0159\u00edpravku pro nejmen\u0161\u00ed a d\u011bti, kter\u00e9 se s lukost\u0159elbou cht\u011bj\u00ed bl\u00ed\u017ee sezn\u00e1mit a pomalu si otev\u0159\u00edt cestu ke sportovn\u00ed kari\u00e9\u0159e. P\u0159\u00edpravku nyn\u00ed nav\u0161t\u011bvuje 10 d\u011bt\u00ed ve v\u011bku od 6 do 12 let.<\/p>\n<p style=\"text-align: justify;\">Pokud m\u00e1te z\u00e1jem st\u00e1t se \u010dlenem na\u0161eho klubu nebo jen si tento zaj\u00edmav\u00fd sport nez\u00e1vazn\u011b vyzkou\u0161et, zastavte se u n\u00e1s na <a href=\"http:\/\/www.lktachov.cz\/index.php\/treninky\/\">tr\u00e9ninku<\/a> nebo n\u00e1s kontaktujte pomoc\u00ed <a href=\"http:\/\/www.lktachov.cz\/index.php\/kontakt\/\">formul\u00e1\u0159e<\/a> a domluv\u00edme si \u010das, kter\u00fd pro v\u00e1s bude ide\u00e1ln\u00ed.<\/p>\n<p><strong>Adresa klubu:<\/strong><br>Lukost\u0159eleck\u00fd klub Tachov, z.s.<br>Ve Vilk\u00e1ch 1763<br>34701 Tachov<\/p>\n<p><strong>I\u010c:<\/strong> 22669787<\/p>\n<p><strong>Bankovn\u00ed spojen\u00ed:<\/strong> 2302238320\/2010<\/p>\n<p>P\u0159ihl\u00e1\u0161ku do klubu naleznete <a title=\"LK Tachov p\u0159ihl\u00e1\u0161ka ke sta\u017een\u00ed\" href=\"http:\/\/www.lktachov.cz\/?page_id=1619\">zde<\/a>.<\/p>\n<p><a href=\"http:\/\/www.lktachov.cz\/wp-content\/uploads\/2019\/07\/LKTachov_LOGO.zip\">LKTachov_LOGO<\/a>&nbsp;&#8211; Logo klubu ke sta\u017een\u00ed<\/p>\n\n","protected":false},"excerpt":{"rendered":"<p>Ob\u010dansk\u00e9 sdru\u017een\u00ed lukost\u0159eleck\u00fd klub Tachov vznikl registrac\u00ed na Ministerstvu vnitra dne 13.9.2007. Zakladatelem klubu byl Jaroslav Juran, kter\u00fd je v sou\u010dasn\u00e9 dob\u011b \u010destn\u00fdm p\u0159edsedou klubu.&nbsp; Smyslem zalo\u017een\u00ed klubu bylo seskupit lidi, kte\u0159\u00ed se v\u011bnuj\u00ed, nebo se cht\u011bj\u00ed v\u011bnovat lukost\u0159elb\u011b, zdokonalovat se v tomto sportu, z\u00fa\u010dast\u0148ovat se z\u00e1vod\u016f, v\u011bnovat se ml\u00e1de\u017ei a d\u011btem pod veden\u00edm na\u0161ich &hellip; <\/p>\n<p class=\"link-more\"><a href=\"https:\/\/www.lktachov.cz\/index.php\/o-nas\/\" class=\"more-link\">Pokra\u010dovat ve \u010dten\u00ed<span class=\"screen-reader-text\"> &#8222;O klubu&#8220;<\/span><\/a><\/p>\n","protected":false},"author":1,"featured_media":3094,"parent":0,"menu_order":0,"comment_status":"closed","ping_status":"closed","template":"","meta":{"ngg_post_thumbnail":0,"footnotes":""},"class_list":["post-9","page","type-page","status-publish","has-post-thumbnail","hentry"],"post_mailing_queue_ids":[],"_links":{"self":[{"href":"https:\/\/www.lktachov.cz\/index.php\/wp-json\/wp\/v2\/pages\/9","targetHints":{"allow":["GET"]}}],"collection":[{"href":"https:\/\/www.lktachov.cz\/index.php\/wp-json\/wp\/v2\/pages"}],"about":[{"href":"https:\/\/www.lktachov.cz\/index.php\/wp-json\/wp\/v2\/types\/page"}],"author":[{"embeddable":true,"href":"https:\/\/www.lktachov.cz\/index.php\/wp-json\/wp\/v2\/users\/1"}],"replies":[{"embeddable":true,"href":"https:\/\/www.lktachov.cz\/index.php\/wp-json\/wp\/v2\/comments?post=9"}],"version-history":[{"count":17,"href":"https:\/\/www.lktachov.cz\/index.php\/wp-json\/wp\/v2\/pages\/9\/revisions"}],"predecessor-version":[{"id":3054,"href":"https:\/\/www.lktachov.cz\/index.php\/wp-json\/wp\/v2\/pages\/9\/revisions\/3054"}],"wp:featuredmedia":[{"embeddable":true,"href":"https:\/\/www.lktachov.cz\/index.php\/wp-json\/wp\/v2\/media\/3094"}],"wp:attachment":[{"href":"https:\/\/www.lktachov.cz\/index.php\/wp-json\/wp\/v2\/media?parent=9"}],"curies":[{"name":"wp","href":"https:\/\/api.w.org\/{rel}","templated":true}]}}