{"id":8,"date":"2018-10-01T22:42:21","date_gmt":"2018-10-01T20:42:21","guid":{"rendered":"http:\/\/lktachov.cz\/?page_id=8"},"modified":"2023-10-29T11:04:46","modified_gmt":"2023-10-29T10:04:46","slug":"domu","status":"publish","type":"page","link":"https:\/\/www.lktachov.cz\/","title":{"rendered":"V\u00edtejte"},"content":{"rendered":"<p style=\"text-align: justify;\"><strong>V\u00edtejte na ofici\u00e1ln\u00edch webov\u00fdch str\u00e1nk\u00e1ch Lukost\u0159eleck\u00e9ho Klubu Tachov.<\/strong><\/p>\n<p style=\"text-align: justify;\">Cht\u011bli bychom v\u00e1m p\u0159edstavit lukost\u0159elbu nejen jako vrcholov\u00fd olympijsk\u00fd sport, ale i jako mo\u017enost v\u00fdborn\u00e9ho oddechu a relaxace pro sportovce v\u0161ech v\u011bkov\u00fdch kategori\u00ed.<\/p>\n<p style=\"text-align: justify;\">Zde v\u00e1s budeme informovat o novink\u00e1ch a d\u011bn\u00ed v klubu a v <a href=\"http:\/\/www.lktachov.cz\/index.php\/fotogalerie\/\">galerii<\/a> naleznete fotografie z klubov\u00fdch akc\u00ed i mistrovsk\u00fdch z\u00e1vod\u016f \u010cesk\u00e9ho Lukost\u0159eleck\u00e9ho Svazu.<\/p>\n<p style=\"text-align: justify;\">Pokud m\u00e1te jak\u00fdkoli dotaz, nev\u00e1hejte n\u00e1s kontaktovat prost\u0159ednictv\u00edm <a href=\"http:\/\/www.lktachov.cz\/index.php\/kontakt\/\">formul\u00e1\u0159e<\/a>, nebo se za n\u00e1mi rovnou zastavte na <a href=\"http:\/\/www.lktachov.cz\/index.php\/treninky\/\">tr\u00e9ninku<\/a>. R\u00e1di v\u00e1m zodpov\u00edme dotazy a pokud budete m\u00edt z\u00e1jem, m\u016f\u017eete si s n\u00e1mi lukost\u0159elbu rovnou vyzkou\u0161et. Luk a p\u0159\u00edslu\u0161enstv\u00ed zap\u016fj\u010d\u00edme zdarma.<\/p>\n","protected":false},"excerpt":{"rendered":"<p>V\u00edtejte na ofici\u00e1ln\u00edch webov\u00fdch str\u00e1nk\u00e1ch Lukost\u0159eleck\u00e9ho Klubu Tachov. Cht\u011bli bychom v\u00e1m p\u0159edstavit lukost\u0159elbu nejen jako vrcholov\u00fd olympijsk\u00fd sport, ale i jako mo\u017enost v\u00fdborn\u00e9ho oddechu a relaxace pro sportovce v\u0161ech v\u011bkov\u00fdch kategori\u00ed. Zde v\u00e1s budeme informovat o novink\u00e1ch a d\u011bn\u00ed v klubu a v galerii naleznete fotografie z klubov\u00fdch akc\u00ed i mistrovsk\u00fdch z\u00e1vod\u016f \u010cesk\u00e9ho Lukost\u0159eleck\u00e9ho Svazu. &hellip; <\/p>\n<p class=\"link-more\"><a href=\"https:\/\/www.lktachov.cz\/\" class=\"more-link\">Pokra\u010dovat ve \u010dten\u00ed<span class=\"screen-reader-text\"> &#8222;V\u00edtejte&#8220;<\/span><\/a><\/p>\n","protected":false},"author":1,"featured_media":0,"parent":0,"menu_order":0,"comment_status":"closed","ping_status":"closed","template":"","meta":{"ngg_post_thumbnail":0,"footnotes":""},"class_list":["post-8","page","type-page","status-publish","hentry"],"post_mailing_queue_ids":[],"_links":{"self":[{"href":"https:\/\/www.lktachov.cz\/index.php\/wp-json\/wp\/v2\/pages\/8","targetHints":{"allow":["GET"]}}],"collection":[{"href":"https:\/\/www.lktachov.cz\/index.php\/wp-json\/wp\/v2\/pages"}],"about":[{"href":"https:\/\/www.lktachov.cz\/index.php\/wp-json\/wp\/v2\/types\/page"}],"author":[{"embeddable":true,"href":"https:\/\/www.lktachov.cz\/index.php\/wp-json\/wp\/v2\/users\/1"}],"replies":[{"embeddable":true,"href":"https:\/\/www.lktachov.cz\/index.php\/wp-json\/wp\/v2\/comments?post=8"}],"version-history":[{"count":11,"href":"https:\/\/www.lktachov.cz\/index.php\/wp-json\/wp\/v2\/pages\/8\/revisions"}],"predecessor-version":[{"id":2211,"href":"https:\/\/www.lktachov.cz\/index.php\/wp-json\/wp\/v2\/pages\/8\/revisions\/2211"}],"wp:attachment":[{"href":"https:\/\/www.lktachov.cz\/index.php\/wp-json\/wp\/v2\/media?parent=8"}],"curies":[{"name":"wp","href":"https:\/\/api.w.org\/{rel}","templated":true}]}}