{"id":116,"date":"2018-10-13T16:42:17","date_gmt":"2018-10-13T14:42:17","guid":{"rendered":"http:\/\/lktachov.cz\/?page_id=116"},"modified":"2025-12-08T11:27:57","modified_gmt":"2025-12-08T10:27:57","slug":"clenove-klubu","status":"publish","type":"page","link":"https:\/\/www.lktachov.cz\/index.php\/clenove-klubu\/","title":{"rendered":"\u010clenov\u00e9 klubu"},"content":{"rendered":"<p>\u010clenov\u00e9 klubu se kter\u00fdmi se m\u016f\u017eete potkat na z\u00e1vodn\u00edch okruz\u00edch:<\/p>\n<table style=\"border-collapse: collapse; width: 100%; height: 1235px;\">\n<tbody>\n<tr style=\"height: 115px;\">\n<td style=\"width: 18%; text-align: center; vertical-align: top; height: 115px;\"><img loading=\"lazy\" decoding=\"async\" src=\"http:\/\/www.lktachov.cz\/wp-content\/uploads\/2018\/10\/jjura.jpg\" alt=\"\u010clen LKTC\" width=\"100\" height=\"100\"><\/td>\n<td style=\"width: 31.8991%; text-align: left; vertical-align: top; height: 115px;\">\n<h4>Jaroslav Juran<\/h4>\n<p>\u010cestn\u00fd p\u0159edseda klubu<br>Lukost\u0159eleck\u00fd tren\u00e9r<\/p>\n<p>&nbsp;<\/p>\n<\/td>\n<td style=\"width: 18%; text-align: center; vertical-align: top; height: 115px;\">&nbsp;<\/td>\n<td style=\"width: 32%; text-align: left; vertical-align: top; height: 115px;\">&nbsp;<\/td>\n<\/tr>\n<tr style=\"height: 250px;\">\n<td style=\"width: 18%; text-align: center; vertical-align: top; height: 250px;\"><img loading=\"lazy\" decoding=\"async\" src=\"http:\/\/www.lktachov.cz\/wp-content\/uploads\/2021\/07\/mknk21.jpg\" alt=\"\u010clen LK Tachov\" width=\"100\" height=\"100\"><\/td>\n<td style=\"width: 31.8991%; text-align: left; vertical-align: top; height: 250px;\">\n<h4>Michal Krynick\u00fd<\/h4>\n<p>P\u0159edseda klubu<br>Lukost\u0159eleck\u00fd tren\u00e9r<\/p>\n<p>Divize: Hol\u00fd luk<br>Kategorie: Senio\u0159i<\/p>\n<p>Profil <a href=\"https:\/\/www.rcherz.com\/en\/users\/viewProfile\/fd2a6485\/michal_krynicky\" target=\"_blank\" rel=\"noopener noreferrer\">rcherz.com<\/a><\/p>\n<\/td>\n<td style=\"width: 18%; text-align: center; vertical-align: top; height: 250px;\"><img loading=\"lazy\" decoding=\"async\" class=\"size-full wp-image-1366 aligncenter\" src=\"https:\/\/www.lktachov.cz\/wp-content\/uploads\/2024\/07\/LKNP.jpg\" alt=\"Lucie Knopfov\u00e1\" width=\"250\" height=\"250\"><\/td>\n<td style=\"width: 32%; text-align: left; vertical-align: top; height: 250px;\">\n<h4>Lucie Knopfov\u00e1<\/h4>\n<p>M\u00edstop\u0159edseda klubu<br>Lukost\u0159eleck\u00fd instruktor<\/p>\n<p>Divize: Hol\u00fd luk<br>Kategorie: \u017deny<\/p>\n<p>Profil <a href=\"https:\/\/www.rcherz.com\/en\/users\/viewProfile\/02ac23e2\/lucie_knopfova\" target=\"_blank\" rel=\"noopener noreferrer\">rcherz.com<\/a><\/p>\n<\/td>\n<\/tr>\n<tr style=\"height: 221px;\">\n<td style=\"width: 18%; text-align: center; vertical-align: top; height: 221px;\"><img loading=\"lazy\" decoding=\"async\" src=\"http:\/\/www.lktachov.cz\/wp-content\/uploads\/2018\/11\/mmilf2.jpg\" alt=\"\u010clen LKTC\" width=\"100\" height=\"100\"><\/td>\n<td style=\"width: 31.8991%; text-align: left; vertical-align: top; height: 221px;\">\n<h4>Milo\u0161 Milfait<\/h4>\n<p>Divize: Hol\u00fd luk<br>Kategorie: Senio\u0159i 60+<\/p>\n<p>Profil <a href=\"https:\/\/www.rcherz.com\/en\/users\/viewProfile\/e2133c78\/milos_milfait\" target=\"_blank\" rel=\"noopener noreferrer\">rcherz.com<\/a><\/p>\n<\/td>\n<td style=\"width: 18%; text-align: center; vertical-align: top; height: 221px;\">&nbsp;<\/td>\n<td style=\"width: 32%; text-align: left; vertical-align: top; height: 221px;\">&nbsp;<\/td>\n<\/tr>\n<tr>\n<td style=\"width: 18%; text-align: center; vertical-align: top;\"><img loading=\"lazy\" decoding=\"async\" class=\"size-full wp-image-1366 aligncenter\" src=\"http:\/\/www.lktachov.cz\/wp-content\/uploads\/2022\/12\/miro.jpg\" alt=\"\u010clen LK Tachov\" width=\"100\" height=\"100\"><\/td>\n<td style=\"width: 31.8991%; text-align: left; vertical-align: top;\">\n<h4>Miroslav Ro\u010dek<\/h4>\n<p>Divize: Hol\u00fd luk<br>Kategorie: Senio\u0159i<\/p>\n<p>Profil <a href=\"https:\/\/www.rcherz.com\/en\/users\/viewProfile\/287ad269\/miroslav_rocek\" target=\"_blank\" rel=\"noopener noreferrer\">rcherz.com<\/a><\/p>\n<\/td>\n<td style=\"width: 18%; text-align: center; vertical-align: top;\"><img loading=\"lazy\" decoding=\"async\" class=\"size-full wp-image-1366 aligncenter\" src=\"https:\/\/www.lktachov.cz\/wp-content\/uploads\/2024\/03\/noPhotoMedium.jpg\" alt=\"\" width=\"100\" height=\"100\"><\/td>\n<td style=\"width: 32%; text-align: left; vertical-align: top;\">\n<h4>Miroslav Senft<\/h4>\n<p>Divize: Hol\u00fd luk<br>Kategorie: Senio\u0159i<\/p>\n<p>Profil <a href=\"https:\/\/www.rcherz.com\/en\/users\/viewProfile\/8cd8da3a\/miroslav_senft_st\" target=\"_blank\" rel=\"noopener noreferrer\">rcherz.com<\/a><\/p>\n<\/td>\n<\/tr>\n<tr style=\"height: 20px;\">\n<td style=\"width: 18%; text-align: center; vertical-align: top; height: 20px;\"><img loading=\"lazy\" decoding=\"async\" class=\"size-full wp-image-1366 aligncenter\" src=\"https:\/\/www.lktachov.cz\/wp-content\/uploads\/2024\/07\/paven.jpg\" alt=\"\" width=\"100\" height=\"100\"><\/td>\n<td style=\"width: 31.8991%; text-align: left; vertical-align: top; height: 20px;\">\n<h4>Pavel Novotn\u00fd<\/h4>\n<p>Lukost\u0159eleck\u00fd instruktor<\/p>\n<p>Divize: Hol\u00fd luk<br>Kategorie: Mu\u017ei<\/p>\n<p>Profil <a href=\"https:\/\/www.rcherz.com\/en\/users\/viewProfile\/de088265\/pavel_novotny_\" target=\"_blank\" rel=\"noopener noreferrer\">rcherz.com<\/a><\/p>\n<\/td>\n<td style=\"width: 18%; text-align: center; vertical-align: top; height: 20px;\"><img loading=\"lazy\" decoding=\"async\" class=\"size-full wp-image-1366 aligncenter\" src=\"https:\/\/www.lktachov.cz\/wp-content\/uploads\/2024\/03\/noPhotoMedium.jpg\" alt=\"\" width=\"100\" height=\"100\"><\/td>\n<td style=\"width: 32%; text-align: left; vertical-align: top; height: 20px;\">\n<h4>Ond\u0159ej Kend\u00edk<\/h4>\n<p>Divize: Reflexn\u00ed luk<br>Kategorie: Mu\u017ei<\/p>\n<p>Profil <a href=\"https:\/\/www.rcherz.com\/en\/users\/viewProfile\/e71a08c6\/ondrej_kendik\" target=\"_blank\" rel=\"noopener noreferrer\">rcherz.com<\/a><\/p>\n<\/td>\n<\/tr>\n<tr style=\"height: 20px;\">\n<td style=\"width: 18%; text-align: center; vertical-align: top; height: 20px;\"><img loading=\"lazy\" decoding=\"async\" class=\"size-full wp-image-1366 aligncenter\" src=\"http:\/\/www.lktachov.cz\/wp-content\/uploads\/2022\/12\/dknp.jpg\" alt=\"\" width=\"100\" height=\"100\"><\/td>\n<td style=\"width: 31.8991%; text-align: left; vertical-align: top; height: 20px;\">\n<h4>Denisa Knopfov\u00e1<\/h4>\n<p>Lukost\u0159eleck\u00fd instruktor<\/p>\n<p>Divize: Hol\u00fd luk<br>Kategorie: Juniorky<\/p>\n<p>Dvojn\u00e1sobn\u00e1 dr\u017eitelka <strong>rekordu \u010cR<\/strong> v <a href=\"http:\/\/www.lktachov.cz\/wp-content\/uploads\/2023\/08\/55476-CLS-rekordy-newlook-HL2308.pdf\">ter\u010dov\u00e9<\/a> i <a href=\"https:\/\/www.lktachov.cz\/wp-content\/uploads\/2024\/02\/55476-CLS-rekordy-newlook-HL-2402.pdf\">halov\u00e9<\/a> lukost\u0159elb\u011b<\/p>\n<p>Profil <a href=\"https:\/\/www.rcherz.com\/en\/users\/viewProfile\/cfbbfb80\/denisa_knopfova\" target=\"_blank\" rel=\"noopener noreferrer\">rcherz.com<\/a><\/p>\n<\/td>\n<td style=\"width: 18%; text-align: center; vertical-align: top; height: 20px;\"><img loading=\"lazy\" decoding=\"async\" class=\"size-full wp-image-1366 aligncenter\" src=\"https:\/\/www.lktachov.cz\/wp-content\/uploads\/2024\/03\/noPhotoMedium.jpg\" alt=\"\" width=\"100\" height=\"100\"><\/td>\n<td style=\"width: 32%; text-align: left; vertical-align: top; height: 20px;\">\n<h4>Matylda Machov\u00e1<\/h4>\n<p>Divize: Hol\u00fd luk<br>Kategorie: Juniorky<\/p>\n<p>Profil <a href=\"https:\/\/www.rcherz.com\/en\/users\/viewProfile\/4beeeab9\/matylda_machova\" target=\"_blank\" rel=\"noopener noreferrer\">rcherz.com<\/a><\/p>\n<\/td>\n<\/tr>\n<tr style=\"height: 250px;\">\n<td style=\"width: 18%; text-align: center; vertical-align: top; height: 250px;\"><img loading=\"lazy\" decoding=\"async\" class=\"size-full wp-image-1366 aligncenter\" src=\"https:\/\/www.lktachov.cz\/wp-content\/uploads\/2024\/07\/kubhub.jpg\" alt=\"\" width=\"100\" height=\"100\"><\/td>\n<td style=\"width: 31.8991%; text-align: left; vertical-align: top; height: 250px;\">\n<h4>Jakub Hub\u00e1lek<\/h4>\n<p>Divize: Reflexn\u00ed luk<br>Kategorie: Kadeti<\/p>\n<p>Profil <a href=\"https:\/\/www.rcherz.com\/en\/users\/viewProfile\/1cb76683\/jakub_hubalek\" target=\"_blank\" rel=\"noopener noreferrer\">rcherz.com<\/a><\/p>\n<\/td>\n<td style=\"width: 18%; text-align: center; vertical-align: top; height: 250px;\"><img loading=\"lazy\" decoding=\"async\" class=\"size-full wp-image-1366 aligncenter\" src=\"https:\/\/www.lktachov.cz\/wp-content\/uploads\/2024\/10\/KDVO.jpg\" alt=\"\" width=\"100\" height=\"100\"><\/td>\n<td style=\"width: 32%; text-align: left; vertical-align: top; height: 250px;\">\n<h4>Kate\u0159ina Dvo\u0159\u00e1kov\u00e1<\/h4>\n<p>Divize: Hol\u00fd luk<br>Kategorie: Kadetky<\/p>\n<p>Profil <a href=\"https:\/\/www.rcherz.com\/en\/users\/viewProfile\/8aeff344\/katerina_dvorakova\" target=\"_blank\" rel=\"noopener noreferrer\">rcherz.com<\/a><\/p>\n<\/td>\n<\/tr>\n<tr style=\"height: 279px;\">\n<td style=\"width: 18%; text-align: center; vertical-align: top; height: 279px;\"><img loading=\"lazy\" decoding=\"async\" class=\"size-full wp-image-1366 aligncenter\" src=\"https:\/\/www.lktachov.cz\/wp-content\/uploads\/2024\/03\/noPhotoMedium.jpg\" alt=\"\" width=\"100\" height=\"100\"><\/td>\n<td style=\"width: 31.8991%; text-align: left; vertical-align: top; height: 279px;\">\n<h4>Lenka Diartov\u00e1<\/h4>\n<p>Divize: Hol\u00fd luk<br>Kategorie: Kadetky<\/p>\n<p>Profil <a href=\"https:\/\/www.rcherz.com\/en\/users\/viewProfile\/3d87fa6e\/lenka_diartova\" target=\"_blank\" rel=\"noopener noreferrer\">rcherz.com<\/a><\/p>\n<\/td>\n<td style=\"width: 18%; text-align: center; vertical-align: top; height: 279px;\">&nbsp;<\/td>\n<td style=\"width: 32%; text-align: left; vertical-align: top; height: 279px;\">&nbsp;<\/td>\n<\/tr>\n<tr style=\"height: 20px;\">\n<td style=\"width: 18%; text-align: center; vertical-align: top; height: 20px;\"><img loading=\"lazy\" decoding=\"async\" class=\"size-full wp-image-1366 aligncenter\" src=\"https:\/\/www.lktachov.cz\/wp-content\/uploads\/2024\/07\/pepino.jpg\" alt=\"\" width=\"100\" height=\"100\"><\/td>\n<td style=\"width: 31.8991%; text-align: left; vertical-align: top; height: 20px;\">\n<h4>Josef Novotn\u00fd<\/h4>\n<p>Divize: Hol\u00fd luk<br>Kategorie: Mlad\u0161\u00ed \u017e\u00e1ci<\/p>\n<p>Profil <a href=\"https:\/\/www.rcherz.com\/en\/users\/viewProfile\/f99690ec\/josef_novotny\" target=\"_blank\" rel=\"noopener noreferrer\">rcherz.com<\/a><\/p>\n<\/td>\n<td style=\"width: 18%; text-align: center; vertical-align: top; height: 20px;\"><img loading=\"lazy\" decoding=\"async\" class=\"size-full wp-image-1366 aligncenter\" src=\"https:\/\/www.lktachov.cz\/wp-content\/uploads\/2024\/03\/noPhotoMedium.jpg\" alt=\"\" width=\"100\" height=\"100\"><\/td>\n<td style=\"width: 32%; text-align: left; vertical-align: top; height: 20px;\">\n<h4>Miroslav Senft<\/h4>\n<p>Divize: Hol\u00fd luk<br>Kategorie: Mlad\u0161\u00ed \u017e\u00e1ci<\/p>\n<p>Profil <a href=\"https:\/\/www.rcherz.com\/en\/users\/viewProfile\/d34519e1\/miroslav_senft_ml\" target=\"_blank\" rel=\"noopener noreferrer\">rcherz.com<\/a><\/p>\n<\/td>\n<\/tr>\n<\/tbody>\n<\/table>\n<p>Dal\u0161\u00ed \u010dlenov\u00e9 na\u0161eho klubu:<\/p>\n<table style=\"border-collapse: collapse; width: 98.9635%;\">\n<tbody>\n<tr>\n<td style=\"width: 50%; vertical-align: top;\">\n<h4 style=\"text-align: center;\">Eva Juranov\u00e1<br>Kamila Krynick\u00e1<br>Ro\u010dkov\u00e1 Barbora<br>Milu\u0161e Zetkov\u00e1 \u0160mehilov\u00e1<br>Karol\u00edna Zetkov\u00e1<br>Mark\u00e9ta Kosturov\u00e1<br>Ji\u0159\u00ed Hub\u00e1lek<br>Nela Donovalov\u00e1<br>Ad\u00e9la Donovalov\u00e1<\/h4>\n<\/td>\n<td style=\"width: 50.4633%; text-align: left; vertical-align: top;\">\n<h4 style=\"text-align: center;\">Denisa Krynick\u00e1<br>Vladislava Krynick\u00e1<br>Ingrid Novotn\u00e1<br>Karol\u00edna Hofmanov\u00e1<br>Roman Zetek<br>Tom\u00e1\u0161 Zetek<br>Niamh Raven Parker<br>Zuzana Knopfov\u00e1<\/h4>\n<\/td>\n<\/tr>\n<\/tbody>\n<\/table>\n<p>Jako by byli \u010dlenov\u00e9 na\u0161eho klubu:<\/p>\n<table style=\"border-collapse: collapse; width: 100%; height: 125px;\">\n<tbody>\n<tr style=\"height: 115px;\">\n<td style=\"width: 18%; text-align: center; vertical-align: top; height: 115px;\"><img loading=\"lazy\" decoding=\"async\" src=\"https:\/\/www.lktachov.cz\/wp-content\/uploads\/2025\/12\/LKL.jpg\" alt=\"LK Litv\u00ednov\" width=\"100\" height=\"100\"><\/td>\n<td style=\"width: 31.8991%; text-align: left; vertical-align: top; height: 115px;\">\n<h4>Michal a Joly<\/h4>\n<p>Fajne \u017ee skoro na\u0161i.<br><a href=\"https:\/\/www.archery-litvinov.cz\/\" target=\"_blank\" rel=\"noopener\">LK Litv\u00ednov<\/a> , ob\u010das p\u0159evle\u010den\u00fd <a href=\"https:\/\/www.lktachov.cz\/wp-content\/gallery\/2025-34-mistrovstvi-cr-dospelych-v-halove-lukostrelbe\/2025-02-22-12.34.26.jpg\" target=\"_blank\" rel=\"noopener\">LK Tachov<\/a><\/p>\n<p>&nbsp;<\/p>\n<\/td>\n<td style=\"width: 18%; text-align: center; vertical-align: top; height: 115px;\">&nbsp;<\/td>\n<td style=\"width: 32%; text-align: left; vertical-align: top; height: 115px;\">&nbsp;<\/td>\n<\/tr>\n<\/tbody>\n<\/table>\n\n","protected":false},"excerpt":{"rendered":"<p>\u010clenov\u00e9 klubu se kter\u00fdmi se m\u016f\u017eete potkat na z\u00e1vodn\u00edch okruz\u00edch: Jaroslav Juran \u010cestn\u00fd p\u0159edseda klubuLukost\u0159eleck\u00fd tren\u00e9r &nbsp; &nbsp; &nbsp; Michal Krynick\u00fd P\u0159edseda klubuLukost\u0159eleck\u00fd tren\u00e9r Divize: Hol\u00fd lukKategorie: Senio\u0159i Profil rcherz.com Lucie Knopfov\u00e1 M\u00edstop\u0159edseda klubuLukost\u0159eleck\u00fd instruktor Divize: Hol\u00fd lukKategorie: \u017deny Profil rcherz.com Milo\u0161 Milfait Divize: Hol\u00fd lukKategorie: Senio\u0159i 60+ Profil rcherz.com &nbsp; &nbsp; Miroslav Ro\u010dek Divize: &hellip; <\/p>\n<p class=\"link-more\"><a href=\"https:\/\/www.lktachov.cz\/index.php\/clenove-klubu\/\" class=\"more-link\">Pokra\u010dovat ve \u010dten\u00ed<span class=\"screen-reader-text\"> &#8222;\u010clenov\u00e9 klubu&#8220;<\/span><\/a><\/p>\n","protected":false},"author":2,"featured_media":0,"parent":0,"menu_order":0,"comment_status":"closed","ping_status":"closed","template":"","meta":{"ngg_post_thumbnail":0,"footnotes":""},"class_list":["post-116","page","type-page","status-publish","hentry"],"post_mailing_queue_ids":[],"_links":{"self":[{"href":"https:\/\/www.lktachov.cz\/index.php\/wp-json\/wp\/v2\/pages\/116","targetHints":{"allow":["GET"]}}],"collection":[{"href":"https:\/\/www.lktachov.cz\/index.php\/wp-json\/wp\/v2\/pages"}],"about":[{"href":"https:\/\/www.lktachov.cz\/index.php\/wp-json\/wp\/v2\/types\/page"}],"author":[{"embeddable":true,"href":"https:\/\/www.lktachov.cz\/index.php\/wp-json\/wp\/v2\/users\/2"}],"replies":[{"embeddable":true,"href":"https:\/\/www.lktachov.cz\/index.php\/wp-json\/wp\/v2\/comments?post=116"}],"version-history":[{"count":70,"href":"https:\/\/www.lktachov.cz\/index.php\/wp-json\/wp\/v2\/pages\/116\/revisions"}],"predecessor-version":[{"id":3103,"href":"https:\/\/www.lktachov.cz\/index.php\/wp-json\/wp\/v2\/pages\/116\/revisions\/3103"}],"wp:attachment":[{"href":"https:\/\/www.lktachov.cz\/index.php\/wp-json\/wp\/v2\/media?parent=116"}],"curies":[{"name":"wp","href":"https:\/\/api.w.org\/{rel}","templated":true}]}}