{"id":110,"date":"2018-10-13T16:34:18","date_gmt":"2018-10-13T14:34:18","guid":{"rendered":"http:\/\/lktachov.cz\/?page_id=110"},"modified":"2024-12-27T13:10:30","modified_gmt":"2024-12-27T12:10:30","slug":"treninky","status":"publish","type":"page","link":"https:\/\/www.lktachov.cz\/index.php\/treninky\/","title":{"rendered":"Tr\u00e9ninky"},"content":{"rendered":"<p>Veden\u00e9 tr\u00e9ninky klubu jsou t\u0159ikr\u00e1t t\u00fddn\u011b.<\/p>\n<p style=\"text-align: justify;\"><strong>V l\u00e9t\u011b<\/strong> jsou venkovn\u00ed tr\u00e9ninky v \u00fater\u00fd, \u010dtvrtek a p\u00e1tek v \u010dase od 17:00 do 19:00 hodin na lukost\u0159elnici v are\u00e1lu b\u00fdval\u00e9ho \u010cSAD Tachov.<\/p>\n<p>GPS:&nbsp;49\u00b047&#8217;27.9&#8243;N 12\u00b039&#8217;23.7&#8243;E<\/p>\n<p><iframe loading=\"lazy\" style=\"border: none;\" src=\"https:\/\/frame.mapy.cz\/s\/kasusapoke\" width=\"700\" height=\"466\" frameborder=\"0\"><\/iframe><\/p>\n<p style=\"text-align: justify;\"><strong>V zim\u011b<\/strong> je to v \u00fater\u00fd a \u010dtvrtek v \u010dase 17:00 &#8211; 19:00 hodin a v p\u00e1tek od 17:30 do 19:30 hodin v kryt\u00e9 lukost\u0159elnici na Rycht\u011b &#8211; ulice Pob\u0159e\u017en\u00ed 2153 v are\u00e1lu sportovi\u0161t\u011b Tachov.<\/p>\n<p>GPS:&nbsp;49\u00b047&#8217;46.5&#8243;N 12\u00b037&#8217;25.9&#8243;E<\/p>\n<p><iframe loading=\"lazy\" style=\"border: none;\" src=\"https:\/\/frame.mapy.cz\/s\/jederoteke\" width=\"700\" height=\"466\" frameborder=\"0\"><\/iframe><\/p>\n<p>Aktu\u00e1ln\u00ed informace o m\u00edstu kon\u00e1n\u00ed tr\u00e9ninku naleznete v pati\u010dce ka\u017ed\u00e9 str\u00e1nky.<\/p>\n<p>V roce 2025 za\u010d\u00edn\u00e1me p\u0159ipravovat <a href=\"https:\/\/www.lktachov.cz\/index.php\/novy-areal-sportovne-odpocinkove-centrum\/\">nov\u00e9 tr\u00e9ninkov\u00e9 m\u00edsto<\/a> pro ter\u010dovou lukost\u0159elbu v Tachov\u011b na s\u00eddli\u0161ti v\u00fdchod.<\/p>\n\n","protected":false},"excerpt":{"rendered":"<p>Veden\u00e9 tr\u00e9ninky klubu jsou t\u0159ikr\u00e1t t\u00fddn\u011b. V l\u00e9t\u011b jsou venkovn\u00ed tr\u00e9ninky v \u00fater\u00fd, \u010dtvrtek a p\u00e1tek v \u010dase od 17:00 do 19:00 hodin na lukost\u0159elnici v are\u00e1lu b\u00fdval\u00e9ho \u010cSAD Tachov. GPS:&nbsp;49\u00b047&#8217;27.9&#8243;N 12\u00b039&#8217;23.7&#8243;E V zim\u011b je to v \u00fater\u00fd a \u010dtvrtek v \u010dase 17:00 &#8211; 19:00 hodin a v p\u00e1tek od 17:30 do 19:30 hodin v &hellip; <\/p>\n<p class=\"link-more\"><a href=\"https:\/\/www.lktachov.cz\/index.php\/treninky\/\" class=\"more-link\">Pokra\u010dovat ve \u010dten\u00ed<span class=\"screen-reader-text\"> &#8222;Tr\u00e9ninky&#8220;<\/span><\/a><\/p>\n","protected":false},"author":2,"featured_media":0,"parent":0,"menu_order":0,"comment_status":"closed","ping_status":"closed","template":"","meta":{"ngg_post_thumbnail":0,"footnotes":""},"class_list":["post-110","page","type-page","status-publish","hentry"],"post_mailing_queue_ids":[],"_links":{"self":[{"href":"https:\/\/www.lktachov.cz\/index.php\/wp-json\/wp\/v2\/pages\/110","targetHints":{"allow":["GET"]}}],"collection":[{"href":"https:\/\/www.lktachov.cz\/index.php\/wp-json\/wp\/v2\/pages"}],"about":[{"href":"https:\/\/www.lktachov.cz\/index.php\/wp-json\/wp\/v2\/types\/page"}],"author":[{"embeddable":true,"href":"https:\/\/www.lktachov.cz\/index.php\/wp-json\/wp\/v2\/users\/2"}],"replies":[{"embeddable":true,"href":"https:\/\/www.lktachov.cz\/index.php\/wp-json\/wp\/v2\/comments?post=110"}],"version-history":[{"count":20,"href":"https:\/\/www.lktachov.cz\/index.php\/wp-json\/wp\/v2\/pages\/110\/revisions"}],"predecessor-version":[{"id":2787,"href":"https:\/\/www.lktachov.cz\/index.php\/wp-json\/wp\/v2\/pages\/110\/revisions\/2787"}],"wp:attachment":[{"href":"https:\/\/www.lktachov.cz\/index.php\/wp-json\/wp\/v2\/media?parent=110"}],"curies":[{"name":"wp","href":"https:\/\/api.w.org\/{rel}","templated":true}]}}